{"id":8,"date":"2010-11-01T20:04:00","date_gmt":"2010-11-01T23:04:00","guid":{"rendered":"http:\/\/botix.com.ar\/es"},"modified":"2015-05-15T15:54:52","modified_gmt":"2015-05-15T18:54:52","slug":"la-empresa","status":"publish","type":"page","link":"https:\/\/botix.com.ar\/es\/inicio\/la-empresa","title":{"rendered":"La empresa"},"content":{"rendered":"<p><strong>\u00a0<a href=\"https:\/\/botix.com.ar\/es\/?p=244\">Santiago Botas, fundador de Grupo Botix<\/a><\/strong><\/p>\n<p><a href=\"https:\/\/botix.com.ar\/es\/?p=244\"><img loading=\"lazy\" decoding=\"async\" class=\"alignleft size-full wp-image-220\" src=\"https:\/\/botix.com.ar\/es\/wp-content\/uploads\/2010\/11\/Santiago-Botas-Fundador-Grupo-Botix.jpg\" alt=\"Santiago Botas Fundador Grupo Botix\" width=\"200\" height=\"200\" srcset=\"https:\/\/botix.com.ar\/es\/wp-content\/uploads\/2010\/11\/Santiago-Botas-Fundador-Grupo-Botix.jpg 200w, https:\/\/botix.com.ar\/es\/wp-content\/uploads\/2010\/11\/Santiago-Botas-Fundador-Grupo-Botix-150x150.jpg 150w\" sizes=\"auto, (max-width: 200px) 100vw, 200px\" \/><\/a><\/p>\n<p>Creo que siempre hay una mejor forma de hacer las cosas, la quiero descubrir y compartir.<\/p>\n<p>En Grupo Botix todos se especializan naturalmente bas\u00e1ndose en su talento.<\/p>\n<p>Implementamos sistemas donde el rol y el liderazgo se adaptan a las situaciones.<\/p>\n<p>Estimulamos a nuestros colaboradores para que realicen tareas en las que se sienten c\u00f3modos y as\u00ed permitimos a todos innovar en su campo de conocimiento.<\/p>\n<p>Soy como un catalizador en segundo plano que apoya toda posibilidad para encontrar las mejores soluciones para su problema y ayudar a su \u00e9xito personal.<\/p>\n<p>Si cree que le gustar\u00eda que trabajemos juntos para satisfacer su necesidad\u00a0<a href=\"https:\/\/botix.com.ar\/es\/contacto\">cont\u00e1ctese con Grupo Botix<\/a>.<\/p>\n<p><strong>QUI\u00c9NES SOMOS<\/strong><\/p>\n<p><strong>Grupo Botix<\/strong> naci\u00f3 y creci\u00f3 con la misi\u00f3n de acompa\u00f1ar y asesorar a nuestros clientes, reformulando permanentemente el enfoque y la cobertura de sus servicios, generando divisiones altamente especializadas en cada una de las \u00e1reas en las que interviene.<\/p>\n<p>Nuestra compa\u00f1\u00eda, est\u00e1 conformada por un grupo de profesionales de s\u00f3lida formaci\u00f3n y vasta experiencia, unidos por un mismo concepto:\u00a0<strong>El compromiso de acercar soluciones a las necesidades del cliente<\/strong>. La metodolog\u00eda de <strong>Grupo\u00a0Botix<\/strong> ha logrado generar respuestas \u00e1giles y efectivas, respetando los m\u00e1s altos est\u00e1ndares de calidad.<\/p>\n<p>Con sede central en\u00a0<strong>Almagro, Ciudad de Buenos Aires, Rep\u00fablica Argentina<\/strong>, el Grupo ha experimentado desde sus inicios una sostenida expansi\u00f3n, y ha consolidado una extensa red de aliados estrat\u00e9gicos en toda la Argentina y en pa\u00edses vecinos, logrando mayor versatilidad y agilidad en su log\u00edstica.<\/p>\n<p><strong style=\"line-height: 1.5em;\">NUESTRA FILOSOF\u00cdA<\/strong><\/p>\n<p>Desde su fundaci\u00f3n, nuestra compa\u00f1\u00eda ha mantenido como principio cultural la\u00a0<strong>\u00e9tica<\/strong>, asumida como<strong> el valor rector de todas nuestras acciones<\/strong>, as\u00ed como el construir relaciones duraderas y mutuamente rentables con todos nuestros clientes.<\/p>\n<p>En Grupo\u00a0Botix, estamos convencidos de que los v\u00ednculos se establecen primero entre personas, y luego entre cliente y proveedor.<\/p>\n<p>En estos a\u00f1os de trabajo, el servicio super\u00f3 el car\u00e1cter de estrategia para convertirse en el sistema de trabajo con el que cada d\u00eda abrimos nuestras puertas.<\/p>\n<p>Esta actitud ha marcado una notable diferenciaci\u00f3n por la capacidad para responder a nuestros clientes ante la necesidad de inmediatez.<\/p>\n<p><strong>Los peque\u00f1os detalles<\/strong><\/p>\n<p>Es cierto que los argentinos contamos con grandes riquezas y potencialidades: nuestra bendita tierra, la mezcla de culturas de todo el mundo, nuestra tendencia al protagonismo (en nuestro fuero \u00edntimo todos nos sentimos importantes y necesitamos ser tenidos en cuenta como tales); \u00e9sto no es malo, al contrario, refuerza la confianza en uno mismo, motor impulsor de todo buen rendimiento, pero&#8230; no siempre se puede ser protagonista.<\/p>\n<p>Muchas veces es necesario el accionar silencioso y oculto del detallista.<\/p>\n<p>\u201cLos peque\u00f1os detalles\u201d no nos gustan porque generalmente quedan en el anonimato \u2013parece que nadie se fija en ellos- pero son imprescindibles para cualquier obra seria.<\/p>\n<p>En Grupo Botix cuidamos todos los detalles, por m\u00e1s peque\u00f1os que parezcan, desde la atenci\u00f3n al cliente y la calidad de nuestros productos hasta la capacitaci\u00f3n de nuestro personal y el cuidado del medioambiente.<\/p>\n<p>Queremos contribuir, desde nuestro \u00e1mbito de trabajo, a forjar, para todos, una vida mejor.<\/p>\n","protected":false},"excerpt":{"rendered":"<p>\u00a0Santiago Botas, fundador de Grupo Botix Creo que siempre hay una mejor forma de hacer las cosas, la quiero descubrir y compartir. En Grupo Botix todos se especializan naturalmente bas\u00e1ndose en su talento. Implementamos sistemas donde el rol y el liderazgo se adaptan a las situaciones. Estimulamos a nuestros colaboradores para que realicen tareas en &#8230;<\/p>\n<p><a href=\"https:\/\/botix.com.ar\/es\/inicio\/la-empresa\" class=\"more-link\">Continue reading &lsquo;La empresa&rsquo; &raquo;<\/a><\/p>\n","protected":false},"author":2,"featured_media":0,"parent":6,"menu_order":20,"comment_status":"closed","ping_status":"closed","template":"","meta":{"_joinchat":[],"footnotes":""},"class_list":["post-8","page","type-page","status-publish","hentry"],"aioseo_notices":[],"_links":{"self":[{"href":"https:\/\/botix.com.ar\/es\/wp-json\/wp\/v2\/pages\/8","targetHints":{"allow":["GET"]}}],"collection":[{"href":"https:\/\/botix.com.ar\/es\/wp-json\/wp\/v2\/pages"}],"about":[{"href":"https:\/\/botix.com.ar\/es\/wp-json\/wp\/v2\/types\/page"}],"author":[{"embeddable":true,"href":"https:\/\/botix.com.ar\/es\/wp-json\/wp\/v2\/users\/2"}],"replies":[{"embeddable":true,"href":"https:\/\/botix.com.ar\/es\/wp-json\/wp\/v2\/comments?post=8"}],"version-history":[{"count":15,"href":"https:\/\/botix.com.ar\/es\/wp-json\/wp\/v2\/pages\/8\/revisions"}],"predecessor-version":[{"id":253,"href":"https:\/\/botix.com.ar\/es\/wp-json\/wp\/v2\/pages\/8\/revisions\/253"}],"up":[{"embeddable":true,"href":"https:\/\/botix.com.ar\/es\/wp-json\/wp\/v2\/pages\/6"}],"wp:attachment":[{"href":"https:\/\/botix.com.ar\/es\/wp-json\/wp\/v2\/media?parent=8"}],"curies":[{"name":"wp","href":"https:\/\/api.w.org\/{rel}","templated":true}]}}