{"id":65,"date":"2010-12-29T21:10:24","date_gmt":"2010-12-30T00:10:24","guid":{"rendered":"http:\/\/botix.com.ar\/es"},"modified":"2010-12-29T21:27:40","modified_gmt":"2010-12-30T00:27:40","slug":"gracias-por-enviar-el-formulario","status":"publish","type":"page","link":"https:\/\/botix.com.ar\/es\/archivo\/gracias-por-enviar-el-formulario","title":{"rendered":"Gracias por enviar el formulario"},"content":{"rendered":"<p style=\"text-align: left;\"><strong><span style=\"color: #ff0000;\">\u00a1ATENCI\u00d3N!<\/span><\/strong><\/p>\n<p style=\"text-align: left;\"><strong>Hemos enviado un email a la cuenta que usted nos inform\u00f3.<\/strong><\/p>\n<p style=\"text-align: left;\"><strong>Este email confirma que su direcci\u00f3n de email es correcta.<\/strong><\/p>\n<p style=\"text-align: left;\"><strong>Si usted no recibe este email de confirmaci\u00f3n es porque la direcci\u00f3n de email no es v\u00e1lida.<\/strong><\/p>\n<p style=\"text-align: left;\"><strong>Sin una direcci\u00f3n v\u00e1lida no podremos responder su pregunta.<\/strong><\/p>\n<p style=\"text-align: left;\"><strong>Si no recibe este email inmediatamente, por favor realice nuevamente su consulta\u00a0poniendo\u00a0una direcci\u00f3n de email v\u00e1lida.<\/strong><\/p>\n<p style=\"text-align: left;\">Analizaremos su necesidad y nos pondremos en contacto con usted a la brevedad.<\/p>\n<p style=\"text-align: left;\">Quiz\u00e1 pueda resolver algunas de sus dudas leyendo las <a href=\"https:\/\/botix.com.ar\/es\/contacto\/preguntas\">preguntas frecuentes<\/a>.<\/p>\n","protected":false},"excerpt":{"rendered":"<p>\u00a1ATENCI\u00d3N! Hemos enviado un email a la cuenta que usted nos inform\u00f3. Este email confirma que su direcci\u00f3n de email es correcta. Si usted no recibe este email de confirmaci\u00f3n es porque la direcci\u00f3n de email no es v\u00e1lida. Sin una direcci\u00f3n v\u00e1lida no podremos responder su pregunta. Si no recibe este email inmediatamente, por &#8230;<\/p>\n<p><a href=\"https:\/\/botix.com.ar\/es\/archivo\/gracias-por-enviar-el-formulario\" class=\"more-link\">Continue reading &lsquo;Gracias por enviar el formulario&rsquo; &raquo;<\/a><\/p>\n","protected":false},"author":2,"featured_media":0,"parent":63,"menu_order":0,"comment_status":"closed","ping_status":"closed","template":"","meta":{"_joinchat":[],"footnotes":""},"class_list":["post-65","page","type-page","status-publish","hentry"],"aioseo_notices":[],"_links":{"self":[{"href":"https:\/\/botix.com.ar\/es\/wp-json\/wp\/v2\/pages\/65","targetHints":{"allow":["GET"]}}],"collection":[{"href":"https:\/\/botix.com.ar\/es\/wp-json\/wp\/v2\/pages"}],"about":[{"href":"https:\/\/botix.com.ar\/es\/wp-json\/wp\/v2\/types\/page"}],"author":[{"embeddable":true,"href":"https:\/\/botix.com.ar\/es\/wp-json\/wp\/v2\/users\/2"}],"replies":[{"embeddable":true,"href":"https:\/\/botix.com.ar\/es\/wp-json\/wp\/v2\/comments?post=65"}],"version-history":[{"count":4,"href":"https:\/\/botix.com.ar\/es\/wp-json\/wp\/v2\/pages\/65\/revisions"}],"predecessor-version":[{"id":75,"href":"https:\/\/botix.com.ar\/es\/wp-json\/wp\/v2\/pages\/65\/revisions\/75"}],"up":[{"embeddable":true,"href":"https:\/\/botix.com.ar\/es\/wp-json\/wp\/v2\/pages\/63"}],"wp:attachment":[{"href":"https:\/\/botix.com.ar\/es\/wp-json\/wp\/v2\/media?parent=65"}],"curies":[{"name":"wp","href":"https:\/\/api.w.org\/{rel}","templated":true}]}}