{"id":58,"date":"2010-11-05T16:56:13","date_gmt":"2010-11-05T19:56:13","guid":{"rendered":"http:\/\/botix.com.ar\/es"},"modified":"2015-05-10T19:54:59","modified_gmt":"2015-05-10T22:54:59","slug":"politica-anti-spam","status":"publish","type":"page","link":"https:\/\/botix.com.ar\/es\/inicio\/politica-anti-spam","title":{"rendered":"Pol\u00edtica anti-spam"},"content":{"rendered":"<p>Nosotros aborrecemos los correos electr\u00f3nicos no solicitados, tanto como usted. Tambi\u00e9n sabemos que el Spam \u2013o correo basura\u2013 no le hace ning\u00fan favor a la comunidad de Internet.<\/p>\n<p>Grupo Botix se compromete totalmente y cumplir con los requerimientos del Acta de SPAM de 2003 de EE.UU., y todas las leyes aplicables a los correos electr\u00f3nicos comerciales no solicitados.<\/p>\n<p>Sus datos de contacto ser\u00e1n protegidos y no ser\u00e1n divulgados por Grupo Botix.<\/p>\n<p>Si usted se suscribe a boletines electr\u00f3nicos u otras comunicaciones de nuestro sitio Web, siempre tendr\u00e1 la opci\u00f3n de solicitar ser removido de manera inmediata.<\/p>\n<p>Si tiene otras preguntas adicionales, comentarios o sugerencias, por favor, cont\u00e1ctese con nosotros utilizando el formulario de contacto para proveernos la informaci\u00f3n relativa a su inquietud.<\/p>\n","protected":false},"excerpt":{"rendered":"<p>Nosotros aborrecemos los correos electr\u00f3nicos no solicitados, tanto como usted. Tambi\u00e9n sabemos que el Spam \u2013o correo basura\u2013 no le hace ning\u00fan favor a la comunidad de Internet. Grupo Botix se compromete totalmente y cumplir con los requerimientos del Acta de SPAM de 2003 de EE.UU., y todas las leyes aplicables a los correos electr\u00f3nicos &#8230;<\/p>\n<p><a href=\"https:\/\/botix.com.ar\/es\/inicio\/politica-anti-spam\" class=\"more-link\">Continue reading &lsquo;Pol\u00edtica anti-spam&rsquo; &raquo;<\/a><\/p>\n","protected":false},"author":2,"featured_media":0,"parent":6,"menu_order":100,"comment_status":"closed","ping_status":"closed","template":"","meta":{"_joinchat":[],"footnotes":""},"class_list":["post-58","page","type-page","status-publish","hentry"],"aioseo_notices":[],"_links":{"self":[{"href":"https:\/\/botix.com.ar\/es\/wp-json\/wp\/v2\/pages\/58","targetHints":{"allow":["GET"]}}],"collection":[{"href":"https:\/\/botix.com.ar\/es\/wp-json\/wp\/v2\/pages"}],"about":[{"href":"https:\/\/botix.com.ar\/es\/wp-json\/wp\/v2\/types\/page"}],"author":[{"embeddable":true,"href":"https:\/\/botix.com.ar\/es\/wp-json\/wp\/v2\/users\/2"}],"replies":[{"embeddable":true,"href":"https:\/\/botix.com.ar\/es\/wp-json\/wp\/v2\/comments?post=58"}],"version-history":[{"count":6,"href":"https:\/\/botix.com.ar\/es\/wp-json\/wp\/v2\/pages\/58\/revisions"}],"predecessor-version":[{"id":243,"href":"https:\/\/botix.com.ar\/es\/wp-json\/wp\/v2\/pages\/58\/revisions\/243"}],"up":[{"embeddable":true,"href":"https:\/\/botix.com.ar\/es\/wp-json\/wp\/v2\/pages\/6"}],"wp:attachment":[{"href":"https:\/\/botix.com.ar\/es\/wp-json\/wp\/v2\/media?parent=58"}],"curies":[{"name":"wp","href":"https:\/\/api.w.org\/{rel}","templated":true}]}}