{"id":44,"date":"2010-11-01T21:17:21","date_gmt":"2010-11-02T00:17:21","guid":{"rendered":"http:\/\/botix.com.ar\/es"},"modified":"2012-09-30T19:04:01","modified_gmt":"2012-09-30T22:04:01","slug":"recursos-humanos","status":"publish","type":"page","link":"https:\/\/botix.com.ar\/es\/inicio\/recursos-humanos","title":{"rendered":"Recursos Humanos"},"content":{"rendered":"<p>\u00bfQuiere ser parte de nuestra empresa?<\/p>\n<p>Grupo Botix est\u00e1 en permanente expansi\u00f3n, para poder satisfacer esta creciente demanda de servicio necesitamos incorporar gente a nuestro equipo. T\u00e9cnicos, administrativos, vendedores, proveedores y representantes. Si usted comparte la filosof\u00eda de excelencia de la empresa, por favor env\u00edenos un mail con su curr\u00edculum vitae a\u00a0<a href=\"mailto:info@botix.com.ar\">info@botix.com.ar<\/a>.<\/p>\n","protected":false},"excerpt":{"rendered":"<p>\u00bfQuiere ser parte de nuestra empresa? Grupo Botix est\u00e1 en permanente expansi\u00f3n, para poder satisfacer esta creciente demanda de servicio necesitamos incorporar gente a nuestro equipo. T\u00e9cnicos, administrativos, vendedores, proveedores y representantes. Si usted comparte la filosof\u00eda de excelencia de la empresa, por favor env\u00edenos un mail con su curr\u00edculum vitae a\u00a0info@botix.com.ar.<\/p>\n","protected":false},"author":2,"featured_media":0,"parent":6,"menu_order":80,"comment_status":"closed","ping_status":"closed","template":"","meta":{"_joinchat":[],"footnotes":""},"class_list":["post-44","page","type-page","status-publish","hentry"],"aioseo_notices":[],"_links":{"self":[{"href":"https:\/\/botix.com.ar\/es\/wp-json\/wp\/v2\/pages\/44","targetHints":{"allow":["GET"]}}],"collection":[{"href":"https:\/\/botix.com.ar\/es\/wp-json\/wp\/v2\/pages"}],"about":[{"href":"https:\/\/botix.com.ar\/es\/wp-json\/wp\/v2\/types\/page"}],"author":[{"embeddable":true,"href":"https:\/\/botix.com.ar\/es\/wp-json\/wp\/v2\/users\/2"}],"replies":[{"embeddable":true,"href":"https:\/\/botix.com.ar\/es\/wp-json\/wp\/v2\/comments?post=44"}],"version-history":[{"count":3,"href":"https:\/\/botix.com.ar\/es\/wp-json\/wp\/v2\/pages\/44\/revisions"}],"predecessor-version":[{"id":163,"href":"https:\/\/botix.com.ar\/es\/wp-json\/wp\/v2\/pages\/44\/revisions\/163"}],"up":[{"embeddable":true,"href":"https:\/\/botix.com.ar\/es\/wp-json\/wp\/v2\/pages\/6"}],"wp:attachment":[{"href":"https:\/\/botix.com.ar\/es\/wp-json\/wp\/v2\/media?parent=44"}],"curies":[{"name":"wp","href":"https:\/\/api.w.org\/{rel}","templated":true}]}}