{"id":41,"date":"2010-11-01T21:14:40","date_gmt":"2010-11-02T00:14:40","guid":{"rendered":"http:\/\/botix.com.ar\/es"},"modified":"2012-09-30T19:02:34","modified_gmt":"2012-09-30T22:02:34","slug":"preguntas","status":"publish","type":"page","link":"https:\/\/botix.com.ar\/es\/contacto\/preguntas","title":{"rendered":"Preguntas"},"content":{"rendered":"<p>Para ver las respuestas a las preguntas m\u00e1s frecuentes seleccione el tema de su inter\u00e9s.<\/p>\n<ul>\n<li><a href=\"http:\/\/cuidacaidas.com.ar\/contacto\/preguntas\"><span style=\"color: #28166f;\">Prevenci\u00f3n de ca\u00eddas de ni\u00f1os y mascotas<\/span><\/a><\/li>\n<li><a href=\"http:\/\/tendederosderopa.com.ar\/contacto\/preguntas\"><span style=\"color: #28166f;\">Venta, instalaci\u00f3n y service de tendederos colgantes de techo<\/span><\/a><\/li>\n<li><a href=\"http:\/\/sinaves.com.ar\/contacto\/preguntas\"><span style=\"color: #28166f;\">Ahuyentamiento y control de palomas y otras aves<\/span><\/a><\/li>\n<li><a href=\"http:\/\/redesysogas.com.ar\/contacto\/preguntas\"><span style=\"color: #28166f;\">Importaci\u00f3n y venta de redes y sogas<\/span><\/a><\/li>\n<\/ul>\n","protected":false},"excerpt":{"rendered":"<p>Para ver las respuestas a las preguntas m\u00e1s frecuentes seleccione el tema de su inter\u00e9s. Prevenci\u00f3n de ca\u00eddas de ni\u00f1os y mascotas Venta, instalaci\u00f3n y service de tendederos colgantes de techo Ahuyentamiento y control de palomas y otras aves Importaci\u00f3n y venta de redes y sogas<\/p>\n","protected":false},"author":2,"featured_media":0,"parent":10,"menu_order":10,"comment_status":"closed","ping_status":"closed","template":"","meta":{"_joinchat":[],"footnotes":""},"class_list":["post-41","page","type-page","status-publish","hentry"],"aioseo_notices":[],"_links":{"self":[{"href":"https:\/\/botix.com.ar\/es\/wp-json\/wp\/v2\/pages\/41","targetHints":{"allow":["GET"]}}],"collection":[{"href":"https:\/\/botix.com.ar\/es\/wp-json\/wp\/v2\/pages"}],"about":[{"href":"https:\/\/botix.com.ar\/es\/wp-json\/wp\/v2\/types\/page"}],"author":[{"embeddable":true,"href":"https:\/\/botix.com.ar\/es\/wp-json\/wp\/v2\/users\/2"}],"replies":[{"embeddable":true,"href":"https:\/\/botix.com.ar\/es\/wp-json\/wp\/v2\/comments?post=41"}],"version-history":[{"count":9,"href":"https:\/\/botix.com.ar\/es\/wp-json\/wp\/v2\/pages\/41\/revisions"}],"predecessor-version":[{"id":162,"href":"https:\/\/botix.com.ar\/es\/wp-json\/wp\/v2\/pages\/41\/revisions\/162"}],"up":[{"embeddable":true,"href":"https:\/\/botix.com.ar\/es\/wp-json\/wp\/v2\/pages\/10"}],"wp:attachment":[{"href":"https:\/\/botix.com.ar\/es\/wp-json\/wp\/v2\/media?parent=41"}],"curies":[{"name":"wp","href":"https:\/\/api.w.org\/{rel}","templated":true}]}}