{"id":33,"date":"2010-11-01T21:09:35","date_gmt":"2010-11-02T00:09:35","guid":{"rendered":"http:\/\/botix.com.ar\/es"},"modified":"2012-09-30T19:11:04","modified_gmt":"2012-09-30T22:11:04","slug":"nuestros-clientes","status":"publish","type":"page","link":"https:\/\/botix.com.ar\/es\/inicio\/nuestros-clientes","title":{"rendered":"Nuestros clientes"},"content":{"rendered":"<p><strong>Algunos de nuestros clientes<\/strong><\/p>\n<ul>\n<li>Universidad de Buenos Aires (facultades de Derecho, Filosof\u00eda y Letras, Ciencias Econ\u00f3micas e Ingenier\u00eda)<\/li>\n<li>Universidad Nacional de C\u00f3rdoba<\/li>\n<li>Universidad de Mor\u00f3n<\/li>\n<li>Gobierno de la Ciudad de Buenos Aires (Colegio Leng\u00fcitas, Escuela French y Beruti, Jard\u00edn Mitre y Jard\u00edn Andr\u00e9s Ferreyra)<\/li>\n<li>Gobierno de la provincia del Chaco (Subsecretaria de Transporte &#8211; Direcci\u00f3n de Aeropuerto)<\/li>\n<li>Jardin Zoologico de la Ciudad de Buenos Aires<\/li>\n<li>Municipalidad de Gral. Pinto<\/li>\n<li>Afip<\/li>\n<li>Ministerio de justicia y derechos humanos<\/li>\n<li>Ministerio de Educaci\u00f3n ciencia y tecnolog\u00eda<\/li>\n<li>Central nuclear Atucha y Atucha II<\/li>\n<li>INTA<\/li>\n<li>Banco de la Naci\u00f3n Argentina<\/li>\n<li>Citibank<\/li>\n<li>Brinks<\/li>\n<li>Hotel Alvear<\/li>\n<li>Hotel Four Seasons<\/li>\n<li>Canal 13<\/li>\n<li>Siemens Itron<\/li>\n<li>YPF<\/li>\n<li>Petrobras<\/li>\n<li>Minera Santa Cruz<\/li>\n<li>Yacimiento Entre Lomas<\/li>\n<li>Minera Trit\u00f3n<\/li>\n<li>Der Group<\/li>\n<li>Potasio R\u00edo Colorado<\/li>\n<li>Cerro Varguardia<\/li>\n<li>Skanska<\/li>\n<li>Alstom Argentina<\/li>\n<li>Transportes Beraldi<\/li>\n<li>Transener<\/li>\n<li>Transnea<\/li>\n<li>Odgen Rural (predio Sociedad Rural Argentina)<\/li>\n<li>Cl\u00ednica Dr. Socolinsky<\/li>\n<li>Cl\u00ednica Santa Catalina<\/li>\n<li>Cl\u00ednica Privada Oeste<\/li>\n<li>Geri\u00e1trico Cohabitam<\/li>\n<li>Parroquias Santa Rita, San Patricio y San Isidro Labrador<\/li>\n<li>Colegio Northlands<\/li>\n<li>Colegio San Vicente de Pauls<\/li>\n<li>Escuela del Mirador<\/li>\n<li>Polideportivo de la Cooperativa de servicios de Tortuguitas<\/li>\n<li>Techos Dorfler<\/li>\n<li>Neverland<\/li>\n<li>Embajada de Rumania<\/li>\n<li>Perez Companc<\/li>\n<li>V\u00e1lvulas Precisi\u00f3n Argentina<\/li>\n<li>La Delicia Felipe Fort<\/li>\n<li>Supermercados Coto<\/li>\n<li>Temaik\u00e9n<\/li>\n<li>Rielamericano<\/li>\n<li>FV<\/li>\n<li>Telecom Argentina<\/li>\n<li>Parque de La Costa<\/li>\n<li>Magnetto Automotive<\/li>\n<li>Diario Popular<\/li>\n<li>Astillero R\u00edo Santiago<\/li>\n<\/ul>\n<p>&nbsp;<\/p>\n","protected":false},"excerpt":{"rendered":"<p>Algunos de nuestros clientes Universidad de Buenos Aires (facultades de Derecho, Filosof\u00eda y Letras, Ciencias Econ\u00f3micas e Ingenier\u00eda) Universidad Nacional de C\u00f3rdoba Universidad de Mor\u00f3n Gobierno de la Ciudad de Buenos Aires (Colegio Leng\u00fcitas, Escuela French y Beruti, Jard\u00edn Mitre y Jard\u00edn Andr\u00e9s Ferreyra) Gobierno de la provincia del Chaco (Subsecretaria de Transporte &#8211; Direcci\u00f3n &#8230;<\/p>\n<p><a href=\"https:\/\/botix.com.ar\/es\/inicio\/nuestros-clientes\" class=\"more-link\">Continue reading &lsquo;Nuestros clientes&rsquo; &raquo;<\/a><\/p>\n","protected":false},"author":2,"featured_media":0,"parent":6,"menu_order":50,"comment_status":"closed","ping_status":"closed","template":"","meta":{"_joinchat":[],"footnotes":""},"class_list":["post-33","page","type-page","status-publish","hentry"],"aioseo_notices":[],"_links":{"self":[{"href":"https:\/\/botix.com.ar\/es\/wp-json\/wp\/v2\/pages\/33","targetHints":{"allow":["GET"]}}],"collection":[{"href":"https:\/\/botix.com.ar\/es\/wp-json\/wp\/v2\/pages"}],"about":[{"href":"https:\/\/botix.com.ar\/es\/wp-json\/wp\/v2\/types\/page"}],"author":[{"embeddable":true,"href":"https:\/\/botix.com.ar\/es\/wp-json\/wp\/v2\/users\/2"}],"replies":[{"embeddable":true,"href":"https:\/\/botix.com.ar\/es\/wp-json\/wp\/v2\/comments?post=33"}],"version-history":[{"count":8,"href":"https:\/\/botix.com.ar\/es\/wp-json\/wp\/v2\/pages\/33\/revisions"}],"predecessor-version":[{"id":54,"href":"https:\/\/botix.com.ar\/es\/wp-json\/wp\/v2\/pages\/33\/revisions\/54"}],"up":[{"embeddable":true,"href":"https:\/\/botix.com.ar\/es\/wp-json\/wp\/v2\/pages\/6"}],"wp:attachment":[{"href":"https:\/\/botix.com.ar\/es\/wp-json\/wp\/v2\/media?parent=33"}],"curies":[{"name":"wp","href":"https:\/\/api.w.org\/{rel}","templated":true}]}}