{"id":326,"date":"2021-01-30T02:19:12","date_gmt":"2021-01-30T05:19:12","guid":{"rendered":"http:\/\/botix.com.ar\/es\/?page_id=326"},"modified":"2024-03-22T23:07:43","modified_gmt":"2024-03-23T02:07:43","slug":"instaladores","status":"publish","type":"page","link":"https:\/\/botix.com.ar\/es\/instaladores","title":{"rendered":"Listado de instaladores independientes"},"content":{"rendered":"\n<div class=\"wp-block-buttons red-tab is-content-justification-center is-layout-flex wp-container-core-buttons-is-layout-5590e8cb wp-block-buttons-is-layout-flex\">\n<div class=\"wp-block-button tab-title\"><a class=\"wp-block-button__link wp-element-button\">Redes<\/a><\/div>\n\n\n\n<div class=\"wp-block-button tab-title\"><a class=\"wp-block-button__link wp-element-button\">Tendederos<\/a><\/div>\n\n\n\n<div class=\"wp-block-button tab-title\"><a class=\"wp-block-button__link wp-element-button\">Puertitas<\/a><\/div>\n\n\n\n<div class=\"wp-block-button tab-title\"><a class=\"wp-block-button__link wp-element-button\">Pinches<\/a><\/div>\n<\/div>\n\n\n\n<div class=\"wp-block-group tab-content\"><div class=\"wp-block-group__inner-container is-layout-constrained wp-block-group-is-layout-constrained\">\n<p>Tenemos una red de instaladores independientes en algunas ciudades.<\/p>\n\n\n\n<p>Usted puede retirar en nuestro local de la Ciudad de Buenos Aires o podemos enviarle el producto a su casa con instrucciones de instalaci\u00f3n. La instalaci\u00f3n es simple siguiendo las instrucciones que se entregan en video y por escrito con fotos paso a paso.<\/p>\n\n\n\n<p>El t\u00e9cnico cobra en efectivo, en domicilio, al finalizar el trabajo. <\/p>\n\n\n\n<p>El t\u00e9cnico siempre va en transporte p\u00fablico y no lleva escalera, necesitamos que usted le preste una escalera suficientemente alta como para llegar con las manos al techo (en el caso de instalaci\u00f3n en balcones) o al lugar en donde se fijar\u00e1 la red.<\/p>\n\n\n\n<table id=\"igsv-1j-9UdA47Lpx4bmpCJUfvdU4Zf5Hx5ygRbGe7DjcMZLk\" class=\"igsv-table\" lang=\"es\" style=\"\" ><thead>\n<tr id=\"igsv-1j-9UdA47Lpx4bmpCJUfvdU4Zf5Hx5ygRbGe7DjcMZLk-row-1\" class=\"row-1 odd\"><th class=\"col-1 odd\"><div> <\/div><\/th><th class=\"col-2 even\"><div>CONTACTO<\/div><\/th><th class=\"col-3 odd\"><div>ZONA<\/div><\/th><\/tr><\/thead><tbody>\n<tr id=\"igsv-1j-9UdA47Lpx4bmpCJUfvdU4Zf5Hx5ygRbGe7DjcMZLk-row-2\" class=\"row-2 even\"><td class=\"col-1 odd\">Rodrigo <\/td><td class=\"col-2 even\">Tel. (11) 7522-6409<br \/>\nWhatsApp <a href=\"https:\/\/wa.me\/5491175226409\" rel=\"nofollow\">https:\/\/wa.me\/5491175226409<\/a><\/td><td class=\"col-3 odd\">CABA, Avellaneda Centro, Lan\u00fas Este, Lan\u00fas Oeste, Lomas de Zamora Centro, Banfield, Temperley, Quilmes Centro, Don Bosco<\/td><\/tr><tr id=\"igsv-1j-9UdA47Lpx4bmpCJUfvdU4Zf5Hx5ygRbGe7DjcMZLk-row-3\" class=\"row-3 odd\"><td class=\"col-1 odd\">Guillermo<\/td><td class=\"col-2 even\">Tel. (11) 6833-8325<\/td><td class=\"col-3 odd\">CABA, Zona Norte GBA, Zona Oeste GBA<\/td><\/tr><tr id=\"igsv-1j-9UdA47Lpx4bmpCJUfvdU4Zf5Hx5ygRbGe7DjcMZLk-row-4\" class=\"row-4 even\"><td class=\"col-1 odd\">Oscar Arias<\/td><td class=\"col-2 even\">Tel. (11) 6303-4271<\/td><td class=\"col-3 odd\">Zona Norte GBA<\/td><\/tr><tr id=\"igsv-1j-9UdA47Lpx4bmpCJUfvdU4Zf5Hx5ygRbGe7DjcMZLk-row-5\" class=\"row-5 odd\"><td class=\"col-1 odd\">Emilio Despos<\/td><td class=\"col-2 even\">Tel. 2914 31-6300<br \/>\nEmail <a href=\"mailto:emilio_g_despos@hotmail.es\">emilio_g_despos@hotmail.es<\/a><\/td><td class=\"col-3 odd\">Bahia blanca, Pehu\u00e9n-C\u00f3, Monte Hermoso, Viedma, Patagones, Pedro Luro, Villalonga, Torquinst, Sierra de la ventana<\/td><\/tr><tr id=\"igsv-1j-9UdA47Lpx4bmpCJUfvdU4Zf5Hx5ygRbGe7DjcMZLk-row-6\" class=\"row-6 even\"><td class=\"col-1 odd\">Alejandro Fuhr<\/td><td class=\"col-2 even\">Tel. 3413708551<br \/>\nEmail <a href=\"mailto:fuhralejandro@hotmail.com\">fuhralejandro@hotmail.com<\/a><\/td><td class=\"col-3 odd\">Rosario (40 km a la redonda), Santa Fe<\/td><\/tr><tr id=\"igsv-1j-9UdA47Lpx4bmpCJUfvdU4Zf5Hx5ygRbGe7DjcMZLk-row-7\" class=\"row-7 odd\"><td class=\"col-1 odd\">Maddio Hnos.<\/td><td class=\"col-2 even\">Tel. 0261 452-3200<br \/>\nEmail <a href=\"mailto:g.maddio@maddio.com.ar\">g.maddio@maddio.com.ar<\/a><\/td><td class=\"col-3 odd\">Todo Mendoza<\/td><\/tr><tr id=\"igsv-1j-9UdA47Lpx4bmpCJUfvdU4Zf5Hx5ygRbGe7DjcMZLk-row-8\" class=\"row-8 even\"><td class=\"col-1 odd\">Cristian Zarich<\/td><td class=\"col-2 even\">Tel. 3462 30-3013<br \/>\nEmail <a href=\"mailto:crzarich@hotmail.com\">crzarich@hotmail.com<\/a><\/td><td class=\"col-3 odd\">Venado Tuerto, Rosario, Casilda, Santa Fe<\/td><\/tr><tr id=\"igsv-1j-9UdA47Lpx4bmpCJUfvdU4Zf5Hx5ygRbGe7DjcMZLk-row-9\" class=\"row-9 odd\"><td class=\"col-1 odd\">Carlos Gnese<\/td><td class=\"col-2 even\">Tel. 294 450-2902<\/td><td class=\"col-3 odd\">Bariloche<\/td><\/tr><\/tbody><\/table>\n<\/div><\/div>\n\n\n\n<div class=\"wp-block-group tab-content\"><div class=\"wp-block-group__inner-container is-layout-constrained wp-block-group-is-layout-constrained\">\n<p>Tenemos una red de instaladores independientes en algunas ciudades.<\/p>\n\n\n\n<p>Usted puede retirar en nuestro local de la Ciudad de Buenos Aires o podemos enviarle el producto a su casa con instrucciones de instalaci\u00f3n. La instalaci\u00f3n es simple siguiendo las instrucciones que se entregan en video y por escrito con fotos paso a paso.<\/p>\n\n\n\n<p>El t\u00e9cnico cobra en efectivo, en domicilio, al finalizar el trabajo. <\/p>\n\n\n\n<p>El t\u00e9cnico siempre va en transporte p\u00fablico y no lleva escalera, necesitamos que usted le preste una escalera suficientemente alta como para llegar al techo con las manos.<\/p>\n\n\n\n<p>El tendedero se entrega con fijaciones para ladrillo y hormig\u00f3n, si su cielorraso es de Durlock o yeso suspendido deber\u00e1 abonar un adicional por las fijaciones especiales que se requieren para colocar el tendedero.<\/p>\n\n\n\n<p>Si la pared en donde se instalar\u00e1 el mecanismo elevador est\u00e1 recubierta de porcelanato, vidrio o piedra, deber\u00e1 abonar un adicional por la complejidad de la perforaci\u00f3n.<\/p>\n\n\n\n<table id=\"igsv-1j-9UdA47Lpx4bmpCJUfvdU4Zf5Hx5ygRbGe7DjcMZLk\" class=\"igsv-table\" lang=\"es\" style=\"\" ><thead>\n<tr id=\"igsv-1j-9UdA47Lpx4bmpCJUfvdU4Zf5Hx5ygRbGe7DjcMZLk-row-1\" class=\"row-1 odd\"><th class=\"col-1 odd\"><div> <\/div><\/th><th class=\"col-2 even\"><div>CONTACTO<\/div><\/th><th class=\"col-3 odd\"><div>ZONA<\/div><\/th><\/tr><\/thead><tbody>\n<tr id=\"igsv-1j-9UdA47Lpx4bmpCJUfvdU4Zf5Hx5ygRbGe7DjcMZLk-row-2\" class=\"row-2 even\"><td class=\"col-1 odd\">Rodrigo <\/td><td class=\"col-2 even\">Tel. (11) 7522-6409<br \/>\nWhatsApp <a href=\"https:\/\/wa.me\/5491175226409\" rel=\"nofollow\">https:\/\/wa.me\/5491175226409<\/a><\/td><td class=\"col-3 odd\">CABA, Avellaneda Centro, Lan\u00fas Este, Lan\u00fas Oeste, Lomas de Zamora Centro, Banfield, Temperley, Quilmes Centro, Don Bosco<\/td><\/tr><tr id=\"igsv-1j-9UdA47Lpx4bmpCJUfvdU4Zf5Hx5ygRbGe7DjcMZLk-row-3\" class=\"row-3 odd\"><td class=\"col-1 odd\">Guillermo<\/td><td class=\"col-2 even\">Tel. (11) 6833-8325<\/td><td class=\"col-3 odd\">CABA, Zona Norte GBA, Zona Oeste GBA<\/td><\/tr><tr id=\"igsv-1j-9UdA47Lpx4bmpCJUfvdU4Zf5Hx5ygRbGe7DjcMZLk-row-4\" class=\"row-4 even\"><td class=\"col-1 odd\">Oscar Arias<\/td><td class=\"col-2 even\">Tel. (11) 6303-4271<\/td><td class=\"col-3 odd\">Zona Norte GBA<\/td><\/tr><tr id=\"igsv-1j-9UdA47Lpx4bmpCJUfvdU4Zf5Hx5ygRbGe7DjcMZLk-row-5\" class=\"row-5 odd\"><td class=\"col-1 odd\">Emilio Despos<\/td><td class=\"col-2 even\">Tel. 2914 31-6300<br \/>\nEmail <a href=\"mailto:emilio_g_despos@hotmail.es\">emilio_g_despos@hotmail.es<\/a><\/td><td class=\"col-3 odd\">Bahia blanca, Pehu\u00e9n-C\u00f3, Monte Hermoso, Viedma, Patagones, Pedro Luro, Villalonga, Torquinst, Sierra de la ventana<\/td><\/tr><tr id=\"igsv-1j-9UdA47Lpx4bmpCJUfvdU4Zf5Hx5ygRbGe7DjcMZLk-row-6\" class=\"row-6 even\"><td class=\"col-1 odd\">Alejandro Fuhr<\/td><td class=\"col-2 even\">Tel. 3413708551<br \/>\nEmail <a href=\"mailto:fuhralejandro@hotmail.com\">fuhralejandro@hotmail.com<\/a><\/td><td class=\"col-3 odd\">Rosario (40 km a la redonda), Santa Fe<\/td><\/tr><tr id=\"igsv-1j-9UdA47Lpx4bmpCJUfvdU4Zf5Hx5ygRbGe7DjcMZLk-row-7\" class=\"row-7 odd\"><td class=\"col-1 odd\">Miguel Figuero<\/td><td class=\"col-2 even\">Tel. 2615 68-8388<br \/>\nEmail <a href=\"mailto:miguelfiguero@live.com\">miguelfiguero@live.com<\/a><\/td><td class=\"col-3 odd\">Todo Mendoza<\/td><\/tr><tr id=\"igsv-1j-9UdA47Lpx4bmpCJUfvdU4Zf5Hx5ygRbGe7DjcMZLk-row-8\" class=\"row-8 even\"><td class=\"col-1 odd\">Cristian Zarich<\/td><td class=\"col-2 even\">Tel. 3462 30-3013<br \/>\nEmail <a href=\"mailto:crzarich@hotmail.com\">crzarich@hotmail.com<\/a><\/td><td class=\"col-3 odd\">Venado Tuerto, Rosario, Casilda, Santa Fe<\/td><\/tr><tr id=\"igsv-1j-9UdA47Lpx4bmpCJUfvdU4Zf5Hx5ygRbGe7DjcMZLk-row-9\" class=\"row-9 odd\"><td class=\"col-1 odd\">Carlos Gnese<\/td><td class=\"col-2 even\">Tel. 294 450-2902<\/td><td class=\"col-3 odd\">Bariloche<\/td><\/tr><\/tbody><\/table>\n<\/div><\/div>\n\n\n\n<div class=\"wp-block-group tab-content\"><div class=\"wp-block-group__inner-container is-layout-constrained wp-block-group-is-layout-constrained\">\n<p>Tenemos una red de instaladores independientes en algunas ciudades.<\/p>\n\n\n\n<p>Usted puede retirar en nuestro local de la Ciudad de Buenos Aires o podemos enviarle el producto a su casa con instrucciones de instalaci\u00f3n. La instalaci\u00f3n es simple siguiendo las instrucciones que se entregan en video y por escrito con fotos paso a paso.<\/p>\n\n\n\n<p>El t\u00e9cnico cobra en efectivo, en domicilio, al finalizar el trabajo. <\/p>\n\n\n\n<p>Si la superficie en donde se instalar\u00e1 la puerta es de Durlock o est\u00e1 recubierta de porcelanato, vidrio o piedra, deber\u00e1 abonar un adicional por la complejidad de la perforaci\u00f3n y las fijaciones especiales.<\/p>\n\n\n\n<table id=\"igsv-1j-9UdA47Lpx4bmpCJUfvdU4Zf5Hx5ygRbGe7DjcMZLk\" class=\"igsv-table\" lang=\"es\" style=\"\" ><thead>\n<tr id=\"igsv-1j-9UdA47Lpx4bmpCJUfvdU4Zf5Hx5ygRbGe7DjcMZLk-row-1\" class=\"row-1 odd\"><th class=\"col-1 odd\"><div> <\/div><\/th><th class=\"col-2 even\"><div>CONTACTO<\/div><\/th><th class=\"col-3 odd\"><div>ZONA<\/div><\/th><\/tr><\/thead><tbody>\n<tr id=\"igsv-1j-9UdA47Lpx4bmpCJUfvdU4Zf5Hx5ygRbGe7DjcMZLk-row-2\" class=\"row-2 even\"><td class=\"col-1 odd\">Rodrigo <\/td><td class=\"col-2 even\">Tel. (11) 7522-6409<br \/>\nWhatsApp <a href=\"https:\/\/wa.me\/5491175226409\" rel=\"nofollow\">https:\/\/wa.me\/5491175226409<\/a><\/td><td class=\"col-3 odd\">CABA, Avellaneda Centro, Lan\u00fas Este, Lan\u00fas Oeste, Lomas de Zamora Centro, Banfield, Temperley, Quilmes Centro, Don Bosco<\/td><\/tr><tr id=\"igsv-1j-9UdA47Lpx4bmpCJUfvdU4Zf5Hx5ygRbGe7DjcMZLk-row-3\" class=\"row-3 odd\"><td class=\"col-1 odd\">Oscar Arias<\/td><td class=\"col-2 even\">Tel. (11) 6303-4271<\/td><td class=\"col-3 odd\">Zona Norte GBA<\/td><\/tr><tr id=\"igsv-1j-9UdA47Lpx4bmpCJUfvdU4Zf5Hx5ygRbGe7DjcMZLk-row-4\" class=\"row-4 even\"><td class=\"col-1 odd\">Carlos Gnese<\/td><td class=\"col-2 even\">Tel. 294 450-2902<\/td><td class=\"col-3 odd\">Bariloche<\/td><\/tr><\/tbody><\/table>\n<\/div><\/div>\n\n\n\n<div class=\"wp-block-group tab-content\"><div class=\"wp-block-group__inner-container is-layout-constrained wp-block-group-is-layout-constrained\">\n<p>Tenemos una red de instaladores independientes en algunas ciudades.<\/p>\n\n\n\n<p>Usted puede retirar en nuestro local de la Ciudad de Buenos Aires o podemos enviarle el producto a su casa.<\/p>\n\n\n\n<p>El t\u00e9cnico cobra en efectivo, en domicilio, al finalizar el trabajo. <\/p>\n\n\n\n<table id=\"igsv-1j-9UdA47Lpx4bmpCJUfvdU4Zf5Hx5ygRbGe7DjcMZLk\" class=\"igsv-table\" lang=\"es\" style=\"\" ><thead>\n<tr id=\"igsv-1j-9UdA47Lpx4bmpCJUfvdU4Zf5Hx5ygRbGe7DjcMZLk-row-1\" class=\"row-1 odd\"><th class=\"col-1 odd\"><div> <\/div><\/th><th class=\"col-2 even\"><div>CONTACTO<\/div><\/th><th class=\"col-3 odd\"><div>ZONA<\/div><\/th><\/tr><\/thead><tbody>\n<tr id=\"igsv-1j-9UdA47Lpx4bmpCJUfvdU4Zf5Hx5ygRbGe7DjcMZLk-row-2\" class=\"row-2 even\"><td class=\"col-1 odd\">Rodrigo <\/td><td class=\"col-2 even\">Tel. (11) 7522-6409<br \/>\nWhatsApp <a href=\"https:\/\/wa.me\/5491175226409\" rel=\"nofollow\">https:\/\/wa.me\/5491175226409<\/a><\/td><td class=\"col-3 odd\">CABA, Avellaneda Centro, Lan\u00fas Este, Lan\u00fas Oeste, Lomas de Zamora Centro, Banfield, Temperley, Quilmes Centro, Don Bosco<\/td><\/tr><tr id=\"igsv-1j-9UdA47Lpx4bmpCJUfvdU4Zf5Hx5ygRbGe7DjcMZLk-row-3\" class=\"row-3 odd\"><td class=\"col-1 odd\">Guillermo<\/td><td class=\"col-2 even\">Tel. (11) 6833-8325<\/td><td class=\"col-3 odd\">CABA, Zona Norte GBA, Zona Oeste GBA<\/td><\/tr><tr id=\"igsv-1j-9UdA47Lpx4bmpCJUfvdU4Zf5Hx5ygRbGe7DjcMZLk-row-4\" class=\"row-4 even\"><td class=\"col-1 odd\">Oscar Arias<\/td><td class=\"col-2 even\">Tel. (11) 6303-4271<\/td><td class=\"col-3 odd\">Zona Norte GBA<\/td><\/tr><\/tbody><\/table>\n<\/div><\/div>\n\n\n\n<style>\n:root {\n  --tab-main: #28166F;\n  --tab-gray: #ccc;\n}\n\n.red-tab {\n    overflow: hidden;\n    border-bottom: 1px solid var(--tab-gray);\n    background-color: white;\n    display: flex;\n    flex-wrap: wrap;\n    align-items: center;\n    justify-content: space-around!important;\n    align-content: space-between;\n    flex-direction: row;\n    margin-bottom: 1px!important;\n    gap: 0px!important;\n}\n.red-tab div{\n  float: center;\n  border-bottom: 3px solid transparent;\n  cursor: pointer;\n  transition: 0.3s;\n  font-size: 17px;\n}\n.red-tab a.wp-block-button__link {\n    color: black!important;\n    background-color: transparent!important;\n}\n.red-tab div a {\n    padding: 10px 20px!important;\n}\n.red-tab div:hover a, .red-tab div.active a {\n    color: var(--tab-main)!important;\n}\n.red-tab div.active, .red-tab div:hover {\n    color: var(--tab-main)!important;\n    border-bottom: 3px solid var(--tab-main);\n    z-index: 3;\n}\n.tab-content {\n    display: none;\n    padding: 35px 15px;\n    border-top: none;\n    box-shadow: 0 12px 25px -10px #00000040;\n\tbackground-color: white;\n}\n.active {\n    display: block;\n}\n<\/style>\n\n\n\n<script>\ndocument.addEventListener(\"click\", e => {  if (e.target.parentElement.classList.contains(\"tab-title\")  ) { redTab(e) }  });\n\n[...document.querySelectorAll(\"div.red-tab div\")].forEach((tabTile, index) => {\n    tabTile.classList.toggle('active', index == 0)\n  });\n[...document.querySelectorAll(\".tab-content\")].forEach((tabcontent, index) => {\n  tabcontent.classList.toggle('active', index == 0)\n  });\nfunction redTab(e) {\t\n  let tabTiles = [...document.querySelectorAll(\"div.red-tab div\")];\n  let tabcontents = [...document.querySelectorAll(\".tab-content\")];\n  let activeTabIndex = tabTiles.findIndex(tab => { return tab == e.target.parentElement })\n  tabTiles.forEach((tabTile, index) => {\n    tabTile.classList.toggle('active', index === activeTabIndex)\n  })\n  tabcontents.forEach((tabcontent, index) => {\n  tabcontent.classList.toggle('active', index === activeTabIndex)\n  })\n}\n<\/script>\n","protected":false},"excerpt":{"rendered":"<p>Tenemos una red de instaladores independientes en algunas ciudades. Usted puede retirar en nuestro local de la Ciudad de Buenos Aires o podemos enviarle el producto a su casa con instrucciones de instalaci\u00f3n. La instalaci\u00f3n es simple siguiendo las instrucciones que se entregan en video y por escrito con fotos paso a paso. El t\u00e9cnico &#8230;<\/p>\n<p><a href=\"https:\/\/botix.com.ar\/es\/instaladores\" class=\"more-link\">Continue reading &lsquo;Listado de instaladores independientes&rsquo; &raquo;<\/a><\/p>\n","protected":false},"author":2,"featured_media":0,"parent":0,"menu_order":0,"comment_status":"closed","ping_status":"closed","template":"","meta":{"_joinchat":[],"footnotes":""},"class_list":["post-326","page","type-page","status-publish","hentry"],"aioseo_notices":[],"_links":{"self":[{"href":"https:\/\/botix.com.ar\/es\/wp-json\/wp\/v2\/pages\/326","targetHints":{"allow":["GET"]}}],"collection":[{"href":"https:\/\/botix.com.ar\/es\/wp-json\/wp\/v2\/pages"}],"about":[{"href":"https:\/\/botix.com.ar\/es\/wp-json\/wp\/v2\/types\/page"}],"author":[{"embeddable":true,"href":"https:\/\/botix.com.ar\/es\/wp-json\/wp\/v2\/users\/2"}],"replies":[{"embeddable":true,"href":"https:\/\/botix.com.ar\/es\/wp-json\/wp\/v2\/comments?post=326"}],"version-history":[{"count":39,"href":"https:\/\/botix.com.ar\/es\/wp-json\/wp\/v2\/pages\/326\/revisions"}],"predecessor-version":[{"id":725,"href":"https:\/\/botix.com.ar\/es\/wp-json\/wp\/v2\/pages\/326\/revisions\/725"}],"wp:attachment":[{"href":"https:\/\/botix.com.ar\/es\/wp-json\/wp\/v2\/media?parent=326"}],"curies":[{"name":"wp","href":"https:\/\/api.w.org\/{rel}","templated":true}]}}