{"id":244,"date":"2015-05-15T15:44:19","date_gmt":"2015-05-15T18:44:19","guid":{"rendered":"http:\/\/botix.com.ar\/es\/?page_id=244"},"modified":"2015-05-15T15:51:46","modified_gmt":"2015-05-15T18:51:46","slug":"santiago-botas","status":"publish","type":"page","link":"https:\/\/botix.com.ar\/es\/inicio\/la-empresa\/santiago-botas","title":{"rendered":"Santiago Botas"},"content":{"rendered":"<p><a href=\"https:\/\/botix.com.ar\/es\/wp-content\/uploads\/2010\/11\/Santiago-Botas-Fundador-Grupo-Botix.jpg\"><img loading=\"lazy\" decoding=\"async\" class=\"alignleft size-full wp-image-220\" src=\"https:\/\/botix.com.ar\/es\/wp-content\/uploads\/2010\/11\/Santiago-Botas-Fundador-Grupo-Botix.jpg\" alt=\"Santiago Botas Fundador Grupo Botix\" width=\"200\" height=\"200\" srcset=\"https:\/\/botix.com.ar\/es\/wp-content\/uploads\/2010\/11\/Santiago-Botas-Fundador-Grupo-Botix.jpg 200w, https:\/\/botix.com.ar\/es\/wp-content\/uploads\/2010\/11\/Santiago-Botas-Fundador-Grupo-Botix-150x150.jpg 150w\" sizes=\"auto, (max-width: 200px) 100vw, 200px\" \/><\/a><\/p>\n<p>Dise\u00f1ador industrial graduado en la Universidad de Buenos Aires con postgrado en el Polit\u00e9cnico de Mil\u00e1n.<\/p>\n<p>Empresario y experto en gesti\u00f3n empresarial y gesti\u00f3n estrat\u00e9gica de dise\u00f1o y de proyecto.<\/p>\n<p>Emprendedor serial, he iniciado alrededor de 30 proyectos relacionados con servicios, comercio e industria, propios y ajenos, tanto en el \u00e1mbito f\u00edsico como virtual.<\/p>\n<p>Conferencista en eventos de empresas, universidades y en TEDxAvCorrientes.<\/p>\n<p>Actualmente dirijo empresas propias relacionadas con tendederos de ropa, cerramientos para protecci\u00f3n de ni\u00f1os y mascotas, ahuyentamiento y control de aves, venta de contenidos de formaci\u00f3n profesional y venta de publicidad por Internet a trav\u00e9s de m\u00e1s de 20 sitios de diferentes tem\u00e1ticas.<\/p>\n<p><strong>Charla TED: Experimentar y proyectar.<\/strong><\/p>\n<p><iframe loading=\"lazy\" width=\"730\" height=\"411\" src=\"https:\/\/www.youtube.com\/embed\/64n4WI2vqEg?feature=oembed\" frameborder=\"0\" allowfullscreen><\/iframe><\/p>\n","protected":false},"excerpt":{"rendered":"<p>Dise\u00f1ador industrial graduado en la Universidad de Buenos Aires con postgrado en el Polit\u00e9cnico de Mil\u00e1n. Empresario y experto en gesti\u00f3n empresarial y gesti\u00f3n estrat\u00e9gica de dise\u00f1o y de proyecto. Emprendedor serial, he iniciado alrededor de 30 proyectos relacionados con servicios, comercio e industria, propios y ajenos, tanto en el \u00e1mbito f\u00edsico como virtual. Conferencista &#8230;<\/p>\n<p><a href=\"https:\/\/botix.com.ar\/es\/inicio\/la-empresa\/santiago-botas\" class=\"more-link\">Continue reading &lsquo;Santiago Botas&rsquo; &raquo;<\/a><\/p>\n","protected":false},"author":2,"featured_media":0,"parent":8,"menu_order":10,"comment_status":"closed","ping_status":"closed","template":"","meta":{"_joinchat":[],"footnotes":""},"class_list":["post-244","page","type-page","status-publish","hentry"],"aioseo_notices":[],"_links":{"self":[{"href":"https:\/\/botix.com.ar\/es\/wp-json\/wp\/v2\/pages\/244","targetHints":{"allow":["GET"]}}],"collection":[{"href":"https:\/\/botix.com.ar\/es\/wp-json\/wp\/v2\/pages"}],"about":[{"href":"https:\/\/botix.com.ar\/es\/wp-json\/wp\/v2\/types\/page"}],"author":[{"embeddable":true,"href":"https:\/\/botix.com.ar\/es\/wp-json\/wp\/v2\/users\/2"}],"replies":[{"embeddable":true,"href":"https:\/\/botix.com.ar\/es\/wp-json\/wp\/v2\/comments?post=244"}],"version-history":[{"count":7,"href":"https:\/\/botix.com.ar\/es\/wp-json\/wp\/v2\/pages\/244\/revisions"}],"predecessor-version":[{"id":251,"href":"https:\/\/botix.com.ar\/es\/wp-json\/wp\/v2\/pages\/244\/revisions\/251"}],"up":[{"embeddable":true,"href":"https:\/\/botix.com.ar\/es\/wp-json\/wp\/v2\/pages\/8"}],"wp:attachment":[{"href":"https:\/\/botix.com.ar\/es\/wp-json\/wp\/v2\/media?parent=244"}],"curies":[{"name":"wp","href":"https:\/\/api.w.org\/{rel}","templated":true}]}}