{"id":21,"date":"2010-11-01T20:43:01","date_gmt":"2010-11-01T23:43:01","guid":{"rendered":"http:\/\/botix.com.ar\/es"},"modified":"2012-10-10T15:20:43","modified_gmt":"2012-10-10T18:20:43","slug":"pago-y-envio","status":"publish","type":"page","link":"https:\/\/botix.com.ar\/es\/contacto\/pago-y-envio","title":{"rendered":"Pago y env\u00edo"},"content":{"rendered":"<p><strong><span style=\"color: #f00000;\">COMPRA ON LINE<\/span><\/strong><a name=\"service\"><\/a><br \/>\nSi usted quiere puede encargar su producto presionando <a href=\"http:\/\/tendederosderopa.com.ar\/contacto\/mail-y-chat\">aqu\u00ed<\/a> y pagarlo con tarjeta de cr\u00e9dito, Pago F\u00e1cil, dep\u00f3sito bancario o transferencia de fondos a trav\u00e9s de Dinero Mail.<\/p>\n<p>Nosotros le haremos un presupuesto y una orden de compra y le indicaremos qu\u00e9 monto deber\u00e1 depositar seg\u00fan el m\u00e9todo de pago escogido.<\/p>\n<form style=\"text-align: center;\" action=\"https:\/\/www.dineromail.com\/Shop\/Shop_Ingreso.asp\" method=\"post\" enctype=\"application\/x-www-form-urlencoded\">\n<p style=\"text-align: center;\"><strong><span style=\"font-size: x-small;\">Ingrese el monto a Pagar: $\u00a0<\/span><\/strong><input type=\"text\" name=\"PrecioItem\" maxlength=\"5\" \/><\/p>\n<p style=\"text-align: center;\"><input type=\"image\" name=\"submit\" src=\"https:\/\/argentina.dineromail.com\/imagenes\/post-login\/boton-pagar-01.gif\" alt=\"Hacer Pago con DineroMail\" \/><\/p>\n<p style=\"text-align: center;\"><img decoding=\"async\" class=\"size-full wp-image-243 aligncenter\" title=\"Cuadro explicativo de medios de pago y entrega mercader\u00eda\" src=\"http:\/\/www.botix.com.ar\/sitiossubasta\/pagoentregamercaderia.jpg\" alt=\"\" \/><\/p>\n<p style=\"text-align: center;\"><script type=\"text\/javascript\">\/\/ <![CDATA[\nfunction SoloNumerico(e)\n{\nvar nro = document.F.PrecioItem.value;\nvar punto = nro.indexOf(\".\")\nif (punto < 0)\n{\nif (((event.keyCode < 48) || (event.keyCode > 57)) &#038;&#038; (event.keyCode != 46))\n{\nevent.keyCode = 0;\nalert(\"Utilice el punto (.) para separar decimales e ingrese \u00fanicamente n\u00fameros.\");\n}\n}\nif (punto != -1)\n{\nif ((event.keyCode < 48) || (event.keyCode > 57))\n{\nevent.keyCode = 0;\nalert(\"Utilice el punto (.) para separar decimales e ingrese \u00fanicamente n\u00fameros.\");\n}\n}\n}\nfunction send()\n{\n  er = '';\n  enviar = true;\n  if (enviar &#038; (document.F.PrecioItem.value == '' || document.F.PrecioItem.value == 0))\n  {\n    er = \"Ingrese un monto v\u00e1lido\";\n    enviar = false;\n  }\n  else\n  {\n    if (enviar &#038; (document.F.PrecioItem.value < 5))     {       er = \"Ingrese un monto mayor a $5.\";       enviar = false;     }   }   if (!enviar)     alert(er);   return enviar; }\n\/\/ ]]><\/script><script type=\"text\/javascript\">\/\/ <![CDATA[\nfunction SoloNumerico(e)\n{\nvar nro = document.F.PrecioItem.value;\nvar punto = nro.indexOf(\".\")\nif (punto < 0)\n{\nif (((event.keyCode < 48) || (event.keyCode > 57)) &#038;&#038; (event.keyCode != 46))\n{\nevent.keyCode = 0;\nalert(\"Utilice el punto (.) para separar decimales e ingrese \u00fanicamente n\u00fameros.\");\n}\n}\nif (punto != -1)\n{\nif ((event.keyCode < 48) || (event.keyCode > 57))\n{\nevent.keyCode = 0;\nalert(\"Utilice el punto (.) para separar decimales e ingrese \u00fanicamente n\u00fameros.\");\n}\n}\n}\n\/\/ ]]><\/script><\/p>\n<\/form>\n","protected":false},"excerpt":{"rendered":"<p>COMPRA ON LINE Si usted quiere puede encargar su producto presionando aqu\u00ed y pagarlo con tarjeta de cr\u00e9dito, Pago F\u00e1cil, dep\u00f3sito bancario o transferencia de fondos a trav\u00e9s de Dinero Mail. Nosotros le haremos un presupuesto y una orden de compra y le indicaremos qu\u00e9 monto deber\u00e1 depositar seg\u00fan el m\u00e9todo de pago escogido. Ingrese &#8230;<\/p>\n<p><a href=\"https:\/\/botix.com.ar\/es\/contacto\/pago-y-envio\" class=\"more-link\">Continue reading &lsquo;Pago y env\u00edo&rsquo; &raquo;<\/a><\/p>\n","protected":false},"author":2,"featured_media":0,"parent":10,"menu_order":40,"comment_status":"closed","ping_status":"closed","template":"","meta":{"_joinchat":[],"footnotes":""},"class_list":["post-21","page","type-page","status-publish","hentry"],"aioseo_notices":[],"_links":{"self":[{"href":"https:\/\/botix.com.ar\/es\/wp-json\/wp\/v2\/pages\/21","targetHints":{"allow":["GET"]}}],"collection":[{"href":"https:\/\/botix.com.ar\/es\/wp-json\/wp\/v2\/pages"}],"about":[{"href":"https:\/\/botix.com.ar\/es\/wp-json\/wp\/v2\/types\/page"}],"author":[{"embeddable":true,"href":"https:\/\/botix.com.ar\/es\/wp-json\/wp\/v2\/users\/2"}],"replies":[{"embeddable":true,"href":"https:\/\/botix.com.ar\/es\/wp-json\/wp\/v2\/comments?post=21"}],"version-history":[{"count":9,"href":"https:\/\/botix.com.ar\/es\/wp-json\/wp\/v2\/pages\/21\/revisions"}],"predecessor-version":[{"id":173,"href":"https:\/\/botix.com.ar\/es\/wp-json\/wp\/v2\/pages\/21\/revisions\/173"}],"up":[{"embeddable":true,"href":"https:\/\/botix.com.ar\/es\/wp-json\/wp\/v2\/pages\/10"}],"wp:attachment":[{"href":"https:\/\/botix.com.ar\/es\/wp-json\/wp\/v2\/media?parent=21"}],"curies":[{"name":"wp","href":"https:\/\/api.w.org\/{rel}","templated":true}]}}