{"id":16,"date":"2010-11-01T20:40:55","date_gmt":"2010-11-01T23:40:55","guid":{"rendered":"http:\/\/botix.com.ar\/es"},"modified":"2022-12-18T23:39:07","modified_gmt":"2022-12-19T02:39:07","slug":"como-llegar","status":"publish","type":"page","link":"https:\/\/botix.com.ar\/es\/contacto\/como-llegar","title":{"rendered":"C\u00f3mo llegar"},"content":{"rendered":"<h4>Nuestro local comercial est\u00e1 en:<\/h4>\n<p>Adolfo Alsina 3224, Almagro<\/p>\n<p>Ciudad Aut\u00f3noma de Buenos Aires &#8211; Rep\u00fablica Argentina<\/p>\n<p>(+5411) 4932-1630 &#8211; 4957-8354<\/p>\n<p>Atenci\u00f3n telef\u00f3nica y en nuestro local de lunes a viernes de 9 a 18<\/p>\n<p><a href=\"https:\/\/goo.gl\/maps\/x6LEMNX5VBimKo5U6\" target=\"_blank\" rel=\"noopener\"><strong>Vea c\u00f3mo llegar<\/strong><\/a> &#8211; GPS: S 34\u00b0; 36,788&#8242; &#8211; W 058\u00b0; 24,708&#8242;<\/p>\n<div class=\"mapouter\">\n<div class=\"gmap_canvas\"><iframe loading=\"lazy\" id=\"gmap_canvas\" src=\"https:\/\/maps.google.com\/maps?q=Grupo%20Botix&amp;t=&amp;z=15&amp;ie=UTF8&amp;iwloc=&amp;output=embed\" width=\"700\" height=\"500\" frameborder=\"0\" marginwidth=\"0\" marginheight=\"0\" scrolling=\"no\"><\/iframe><\/p>\n<style>.mapouter{position:relative;text-align:right;height:500px;width:700px;}<\/style>\n<p><a href=\"https:\/\/www.embedgooglemap.net\">google maps iframe embed<\/a><\/p>\n<style>.gmap_canvas {overflow:hidden;background:none!important;height:500px;width:700px;}<\/style>\n<\/div>\n<\/div>\n<p><strong>&nbsp;<\/strong><\/p>\n","protected":false},"excerpt":{"rendered":"<p>Nuestro local comercial est\u00e1 en: Adolfo Alsina 3224, Almagro Ciudad Aut\u00f3noma de Buenos Aires &#8211; Rep\u00fablica Argentina (+5411) 4932-1630 &#8211; 4957-8354 Atenci\u00f3n telef\u00f3nica y en nuestro local de lunes a viernes de 9 a 18 Vea c\u00f3mo llegar &#8211; GPS: S 34\u00b0; 36,788&#8242; &#8211; W 058\u00b0; 24,708&#8242; google maps iframe embed &nbsp;<\/p>\n","protected":false},"author":2,"featured_media":0,"parent":10,"menu_order":5,"comment_status":"closed","ping_status":"closed","template":"","meta":{"_joinchat":[],"footnotes":""},"class_list":["post-16","page","type-page","status-publish","hentry"],"aioseo_notices":[],"_links":{"self":[{"href":"https:\/\/botix.com.ar\/es\/wp-json\/wp\/v2\/pages\/16","targetHints":{"allow":["GET"]}}],"collection":[{"href":"https:\/\/botix.com.ar\/es\/wp-json\/wp\/v2\/pages"}],"about":[{"href":"https:\/\/botix.com.ar\/es\/wp-json\/wp\/v2\/types\/page"}],"author":[{"embeddable":true,"href":"https:\/\/botix.com.ar\/es\/wp-json\/wp\/v2\/users\/2"}],"replies":[{"embeddable":true,"href":"https:\/\/botix.com.ar\/es\/wp-json\/wp\/v2\/comments?post=16"}],"version-history":[{"count":19,"href":"https:\/\/botix.com.ar\/es\/wp-json\/wp\/v2\/pages\/16\/revisions"}],"predecessor-version":[{"id":377,"href":"https:\/\/botix.com.ar\/es\/wp-json\/wp\/v2\/pages\/16\/revisions\/377"}],"up":[{"embeddable":true,"href":"https:\/\/botix.com.ar\/es\/wp-json\/wp\/v2\/pages\/10"}],"wp:attachment":[{"href":"https:\/\/botix.com.ar\/es\/wp-json\/wp\/v2\/media?parent=16"}],"curies":[{"name":"wp","href":"https:\/\/api.w.org\/{rel}","templated":true}]}}